{"id":42,"date":"2025-07-25T19:28:15","date_gmt":"2025-07-25T19:28:15","guid":{"rendered":"https:\/\/reaciona.ind.br\/?page_id=42"},"modified":"2025-07-28T10:15:22","modified_gmt":"2025-07-28T10:15:22","slug":"localizacao","status":"publish","type":"page","link":"https:\/\/reaciona.ind.br\/?page_id=42","title":{"rendered":"Localiza\u00e7\u00e3o"},"content":{"rendered":"\n<!DOCTYPE html>\n<html lang=\"pt-BR\">\n<head>\n  <meta charset=\"UTF-8\">\n  <title>Localiza\u00e7\u00e3o | Reaciona<\/title>\n  <meta name=\"viewport\" content=\"width=device-width, initial-scale=1\">\n\n  <!-- Roboto e Bootstrap -->\n  <link href=\"https:\/\/fonts.googleapis.com\/css2?family=Roboto&#038;display=swap\" rel=\"stylesheet\">\n  <link href=\"https:\/\/cdn.jsdelivr.net\/npm\/bootstrap@5.3.3\/dist\/css\/bootstrap.min.css\" rel=\"stylesheet\">\n\n  <style>\n    body {\n      background-color: #002244; \/* Azul Reaciona *\/\n      color: white;\n      font-family: 'Roboto', sans-serif;\n    }\n\n    .container {\n      padding: 60px 15px;\n    }\n\n    h1, h2 {\n      color: #ff6600; \/* Laranja Reaciona *\/\n      font-weight: bold;\n    }\n\n    .map-container {\n      border-radius: 12px;\n      overflow: hidden;\n      margin-bottom: 30px;\n      box-shadow: 0 0 20px rgba(0, 0, 0, 0.3);\n    }\n\n    iframe {\n      width: 100%;\n      height: 400px;\n      border: 0;\n    }\n\n    .photos-grid {\n      display: grid;\n      grid-template-columns: repeat(auto-fit, minmax(250px, 1fr));\n      gap: 15px;\n    }\n\n    .photos-grid img {\n      width: 100%;\n      border-radius: 10px;\n      object-fit: cover;\n      max-height: 200px;\n    }\n\n    .address {\n      font-size: 1.1rem;\n      margin-bottom: 20px;\n    }\n\n    a {\n      color: #ff6600; \/* Laranja Reaciona *\/\n      text-decoration: none;\n    }\n\n    a:hover {\n      color: #ff8533; \/* Laranja mais claro para hover *\/\n      text-decoration: underline;\n    }\n  <\/style>\n<\/head>\n<body>\n\n  <div class=\"container text-center\">\n    <h1>Reaciona Equipamentos Eletr\u00f4nicos<\/h1>\n     <br><\/br>\n<p class=\"address\">\n           <a href=\"https:\/\/www.google.com\/maps\/place\/Reaciona+Equipamentos+Eletr%C3%B4nicos\/@-26.4228213,-49.0588329,17z\" target=\"_blank\">\n        Ver no Google Maps\n      <\/a>\n    <\/p>\n       <div class=\"map-container\">\n      <iframe \n        src=\"https:\/\/www.google.com\/maps\/embed?pb=!1m18!1m12!1m3!1d3532.086197836427!2d-49.05883292447798!3d-26.42282127692679!2m3!1f0!2f0!3f0!3m2!1i1024!2i768!4f13.1!3m3!1m2!1s0x94de976665e5fc4b%3A0x772c7de6e1384f15!2sReaciona%20Equipamentos%20Eletr%C3%B4nicos!5e0!3m2!1spt-BR!2sbr!4v1721912637084\" \n        allowfullscreen=\"\" \n        loading=\"lazy\" \n        referrerpolicy=\"no-referrer-when-downgrade\">\n      <\/iframe>\n    <\/div>\n\n  <p class=\"address\">\n     <br> Rua Carlos Zerbin, 105<\/br> \n     <br> Rio Hern, Schroeder \u2013 SC<\/br>\n     <br>89275-000<\/br>\n     <br><\/br>\n     \n    <\/p>\n  <!-- Bootstrap JS -->\n  <script src=\"https:\/\/cdn.jsdelivr.net\/npm\/bootstrap@5.3.3\/dist\/js\/bootstrap.bundle.min.js\"><\/script>\n<\/body>\n<\/html>\n","protected":false},"excerpt":{"rendered":"<p>Localiza\u00e7\u00e3o | Reaciona Reaciona Equipamentos Eletr\u00f4nicos Ver no Google Maps Rua Carlos Zerbin, 105 Rio Hern, Schroeder \u2013 SC 89275-000<\/p>\n","protected":false},"author":1,"featured_media":0,"parent":0,"menu_order":0,"comment_status":"closed","ping_status":"closed","template":"","meta":{"footnotes":""},"class_list":["post-42","page","type-page","status-publish","hentry"],"_links":{"self":[{"href":"https:\/\/reaciona.ind.br\/index.php?rest_route=\/wp\/v2\/pages\/42","targetHints":{"allow":["GET"]}}],"collection":[{"href":"https:\/\/reaciona.ind.br\/index.php?rest_route=\/wp\/v2\/pages"}],"about":[{"href":"https:\/\/reaciona.ind.br\/index.php?rest_route=\/wp\/v2\/types\/page"}],"author":[{"embeddable":true,"href":"https:\/\/reaciona.ind.br\/index.php?rest_route=\/wp\/v2\/users\/1"}],"replies":[{"embeddable":true,"href":"https:\/\/reaciona.ind.br\/index.php?rest_route=%2Fwp%2Fv2%2Fcomments&post=42"}],"version-history":[{"count":18,"href":"https:\/\/reaciona.ind.br\/index.php?rest_route=\/wp\/v2\/pages\/42\/revisions"}],"predecessor-version":[{"id":84,"href":"https:\/\/reaciona.ind.br\/index.php?rest_route=\/wp\/v2\/pages\/42\/revisions\/84"}],"wp:attachment":[{"href":"https:\/\/reaciona.ind.br\/index.php?rest_route=%2Fwp%2Fv2%2Fmedia&parent=42"}],"curies":[{"name":"wp","href":"https:\/\/api.w.org\/{rel}","templated":true}]}}