{"id":33,"date":"2025-07-25T19:09:59","date_gmt":"2025-07-25T19:09:59","guid":{"rendered":"https:\/\/reaciona.ind.br\/?page_id=33"},"modified":"2025-07-28T10:38:26","modified_gmt":"2025-07-28T10:38:26","slug":"33-2","status":"publish","type":"page","link":"https:\/\/reaciona.ind.br\/?page_id=33","title":{"rendered":"Produtos Reaciona"},"content":{"rendered":"\n<!DOCTYPE html>\n<html lang=\"pt-BR\">\n<head>\n  <meta charset=\"UTF-8\">\n  <title>Produtos Reaciona &#8211; Automa\u00e7\u00e3o Industrial<\/title>\n  <meta name=\"viewport\" content=\"width=device-width, initial-scale=1\">\n\n  <!-- Fontes e CSS -->\n  <link href=\"https:\/\/fonts.googleapis.com\/css2?family=Roboto:wght@400;700&#038;display=swap\" rel=\"stylesheet\">\n  <link href=\"https:\/\/cdn.jsdelivr.net\/npm\/bootstrap@5.3.3\/dist\/css\/bootstrap.min.css\" rel=\"stylesheet\">\n  <link rel=\"stylesheet\" href=\"https:\/\/cdnjs.cloudflare.com\/ajax\/libs\/font-awesome\/6.4.0\/css\/all.min.css\">\n\n  <style>\n    :root {\n      --azul-reaciona: #002244;\n      --laranja-reaciona: #ff6600;\n      --laranja-claro: #ff8533;\n      --verde-whatsapp: #25D366;\n    }\n    \n    body {\n      background-color: var(--azul-reaciona);\n      font-family: 'Roboto', sans-serif;\n      color: white;\n    }\n    \n    .header-reaciona {\n      background-color: var(--azul-reaciona);\n      padding: 30px 0;\n      text-align: center;\n    }\n    \n    .logo-reaciona {\n      max-height: 80px;\n    }\n    \n    h1, h2, h3 {\n      color: var(--laranja-reaciona);\n      font-weight: bold;\n    }\n    \n    .carousel-produtos {\n      margin: 40px auto;\n      max-width: 900px;\n    }\n    \n    .carousel-item {\n      padding: 20px;\n      text-align: center;\n    }\n    \n    .carousel-item img {\n      max-height: 400px;\n      width: auto;\n      margin: 0 auto;\n      border-radius: 5px;\n    }\n    \n    .produto-descricao {\n      background-color: rgba(255, 255, 255, 0.1);\n      padding: 20px;\n      border-radius: 8px;\n      margin-top: 20px;\n      text-align: left;\n    }\n    \n    .produto-titulo {\n      color: var(--laranja-reaciona);\n      margin-top: 15px;\n      font-size: 1.5rem;\n    }\n    \n    .carousel-control-prev, .carousel-control-next {\n      width: 5%;\n    }\n    \n    .carousel-control-prev-icon, \n    .carousel-control-next-icon {\n      background-color: var(--laranja-reaciona);\n      border-radius: 50%;\n      padding: 15px;\n    }\n    \n    .whatsapp-btn {\n      position: fixed;\n      bottom: 30px;\n      right: 30px;\n      background-color: var(--verde-whatsapp);\n      color: white;\n      width: 60px;\n      height: 60px;\n      border-radius: 50%;\n      text-align: center;\n      font-size: 30px;\n      line-height: 60px;\n      box-shadow: 0 0 15px rgba(0,0,0,0.2);\n      z-index: 1000;\n      transition: all 0.3s;\n    }\n    \n    .whatsapp-btn:hover {\n      background-color: #128C7E;\n      transform: scale(1.1);\n    }\n    \n    .cta-btn {\n      display: inline-block;\n      background-color: var(--laranja-reaciona);\n      color: white;\n      padding: 12px 25px;\n      border-radius: 5px;\n      font-weight: bold;\n      text-decoration: none;\n      margin-top: 20px;\n      transition: background-color 0.3s;\n    }\n    \n    .cta-btn:hover {\n      background-color: var(--laranja-claro);\n      color: white;\n    }\n    \n    .destaque {\n      color: var(--laranja-reaciona);\n      font-weight: bold;\n    }\n  <\/style>\n<\/head>\n<body>\n\n  <!-- Header -->\n  <div class=\"header-reaciona\">\n    <img decoding=\"async\" src=\"https:\/\/reaciona.ind.br\/wp-content\/uploads\/2025\/07\/REACIONA-MARCA-01.png\" alt=\"Reaciona\" class=\"logo-reaciona\">\n<br><\/br>\n<h1 class=\"mt-3\">Automa\u00e7\u00e3o Industrial<\/h1>\n   \n  <\/div>\n\n \n\n  <!-- Carrossel de Produtos -->\n  <div class=\"container carousel-produtos\">\n    <div id=\"produtosCarousel\" class=\"carousel slide\" data-bs-ride=\"carousel\">\n      <div class=\"carousel-inner\">\n\n        <!-- Produto 1 -->\n        <div class=\"carousel-item active\">\n          <img decoding=\"async\" src=\"https:\/\/reaciona.ind.br\/wp-content\/uploads\/2025\/07\/AVR-A_OPT-7T.jpg\" class=\"d-block\" alt=\"Regulador de Tens\u00e3o AVR-A OPT-7T\">\n          <h3 class=\"produto-titulo\">AVR-A OPT-7T<\/h3>\n          <div class=\"produto-descricao\">\n            <p><span class=\"destaque\">Regulador de Tens\u00e3o Autom\u00e1tico<\/span> para grupos geradores, com prote\u00e7\u00e3o contra sobretens\u00e3o e subtens\u00e3o. Ideal para aplica\u00e7\u00f5es que exigem <span class=\"destaque\">estabilidade de tens\u00e3o<\/span> em condi\u00e7\u00f5es de carga vari\u00e1vel.<\/p>\n            <p><strong>Caracter\u00edsticas:<\/strong><\/p>\n            <ul>\n              <li>Tens\u00e3o de entrada: 180-260VAC<\/li>\n              <li>Sa\u00edda: 0-90VDC<\/li>\n              <li>Prote\u00e7\u00f5es integradas<\/li>\n              <li>Compat\u00edvel com diversos tipos de geradores<\/li>\n            <\/ul>\n            <a href=\"https:\/\/wa.me\/554733077030?text=Ol\u00e1,%20gostaria%20de%20saber%20mais%20sobre%20o%20AVR-A%20OPT-7T\" class=\"cta-btn\" target=\"_blank\">\n              <i class=\"fas fa-info-circle\"><\/i> Mais Informa\u00e7\u00f5es\n            <\/a>\n          <\/div>\n        <\/div>\n\n        <!-- Produto 2 -->\n        <div class=\"carousel-item\">\n          <img decoding=\"async\" src=\"https:\/\/reaciona.ind.br\/wp-content\/uploads\/2025\/07\/AVR-A-OPT-01.jpg\" class=\"d-block\" alt=\"Regulador de Tens\u00e3o AVR-A OPT-01\">\n          <h3 class=\"produto-titulo\">AVR-A OPT-01<\/h3>\n          <div class=\"produto-descricao\">\n            <p>Regulador de tens\u00e3o com <span class=\"destaque\">controle digital preciso<\/span>, desenvolvido para opera\u00e7\u00e3o cont\u00ednua em geradores s\u00edncronos. Oferece <span class=\"destaque\">resposta r\u00e1pida<\/span> a varia\u00e7\u00f5es de carga.<\/p>\n            <p><strong>Caracter\u00edsticas:<\/strong><\/p>\n            <ul>\n              <li>Tecnologia microprocessada<\/li>\n              <li>Display digital para monitoramento<\/li>\n              <li>Prote\u00e7\u00e3o contra invers\u00e3o de polaridade<\/li>\n              <li>F\u00e1cil instala\u00e7\u00e3o e configura\u00e7\u00e3o<\/li>\n            <\/ul>\n            <a href=\"https:\/\/wa.me\/554733077030?text=Ol\u00e1,%20gostaria%20de%20saber%20mais%20sobre%20o%20AVR-A%20OPT-01\" class=\"cta-btn\" target=\"_blank\">\n              <i class=\"fas fa-info-circle\"><\/i> Mais Informa\u00e7\u00f5es\n            <\/a>\n          <\/div>\n        <\/div>\n\n        <!-- Produto 3 -->\n        <div class=\"carousel-item\">\n          <img decoding=\"async\" src=\"https:\/\/reaciona.ind.br\/wp-content\/uploads\/2025\/07\/AVR-A-OPT-10.jpg\" class=\"d-block\" alt=\"Regulador de Tens\u00e3o AVR-A OPT-10\">\n          <h3 class=\"produto-titulo\">AVR-A OPT-10<\/h3>\n          <div class=\"produto-descricao\">\n            <p>Solu\u00e7\u00e3o avan\u00e7ada para <span class=\"destaque\">controle de tens\u00e3o<\/span> em geradores de m\u00e9dia pot\u00eancia. Possui <span class=\"destaque\">compensa\u00e7\u00e3o de temperatura<\/span> autom\u00e1tica para maior precis\u00e3o em diferentes ambientes.<\/p>\n            <p><strong>Caracter\u00edsticas:<\/strong><\/p>\n            <ul>\n              <li>Pot\u00eancia: 10A<\/li>\n              <li>Resposta din\u00e2mica ajust\u00e1vel<\/li>\n              <li>Prote\u00e7\u00e3o contra curto-circuito<\/li>\n              <li>Indicadores LED de status<\/li>\n            <\/ul>\n            <a href=\"https:\/\/wa.me\/554733077030?text=Ol\u00e1,%20gostaria%20de%20saber%20mais%20sobre%20o%20AVR-A%20OPT-10\" class=\"cta-btn\" target=\"_blank\">\n              <i class=\"fas fa-info-circle\"><\/i> Mais Informa\u00e7\u00f5es\n            <\/a>\n          <\/div>\n        <\/div>\n\n        <!-- Produto 4 -->\n        <div class=\"carousel-item\">\n          <img decoding=\"async\" src=\"https:\/\/reaciona.ind.br\/wp-content\/uploads\/2025\/07\/AVR-D-OPT-20.png\" class=\"d-block\" alt=\"Regulador de Tens\u00e3o AVR-D OPT-20\">\n          <h3 class=\"produto-titulo\">AVR-D OPT-20<\/h3>\n          <div class=\"produto-descricao\">\n            <p>Regulador digital de alta performance para <span class=\"destaque\">aplica\u00e7\u00f5es industriais exigentes<\/span>. Com <span class=\"destaque\">comunica\u00e7\u00e3o MODBUS<\/span> para integra\u00e7\u00e3o em sistemas de supervis\u00e3o.<\/p>\n            <p><strong>Caracter\u00edsticas:<\/strong><\/p>\n            <ul>\n              <li>Tens\u00e3o de sa\u00edda: 0-120VDC<\/li>\n              <li>Corrente: 20A<\/li>\n              <li>Interface RS485<\/li>\n              <li>Monitoramento remoto<\/li>\n              <li>Registro de eventos<\/li>\n            <\/ul>\n            <a href=\"https:\/\/wa.me\/554733077030?text=Ol\u00e1,%20gostaria%20de%20saber%20mais%20sobre%20o%20AVR-D%20OPT-20\" class=\"cta-btn\" target=\"_blank\">\n              <i class=\"fas fa-info-circle\"><\/i> Mais Informa\u00e7\u00f5es\n            <\/a>\n          <\/div>\n        <\/div>\n\n      <\/div>\n\n      <!-- Controles do Carrossel -->\n      <button class=\"carousel-control-prev\" type=\"button\" data-bs-target=\"#produtosCarousel\" data-bs-slide=\"prev\">\n        <span class=\"carousel-control-prev-icon\"><\/span>\n      <\/button>\n      <button class=\"carousel-control-next\" type=\"button\" data-bs-target=\"#produtosCarousel\" data-bs-slide=\"next\">\n        <span class=\"carousel-control-next-icon\"><\/span>\n      <\/button>\n    <\/div>\n  <\/div>\n\n  <!-- Rodap\u00e9 -->\n  <footer class=\"text-center py-4\">\n    <p>Entre em contato para solu\u00e7\u00f5es personalizadas em automa\u00e7\u00e3o industrial<\/p>\n    <p><i class=\"fas fa-phone\"><\/i> (47) 3307-7030 | <i class=\"fas fa-envelope\"><\/i> comercial@reaciona.ind.br<\/p>\n  <\/footer>\n\n  <!-- Bot\u00e3o WhatsApp Fixo -->\n  <a href=\"https:\/\/wa.me\/554733077030\" class=\"whatsapp-btn\" target=\"_blank\">\n    <i class=\"fab fa-whatsapp\"><\/i>\n  <\/a>\n\n  <!-- Bootstrap JS -->\n  <script src=\"https:\/\/cdn.jsdelivr.net\/npm\/bootstrap@5.3.3\/dist\/js\/bootstrap.bundle.min.js\"><\/script>\n\n<\/body>\n<\/html>\n","protected":false},"excerpt":{"rendered":"<p>Produtos Reaciona &#8211; Automa\u00e7\u00e3o Industrial Automa\u00e7\u00e3o Industrial AVR-A OPT-7T Regulador de Tens\u00e3o Autom\u00e1tico para grupos geradores, com prote\u00e7\u00e3o contra sobretens\u00e3o e subtens\u00e3o. Ideal para aplica\u00e7\u00f5es que exigem estabilidade de tens\u00e3o em condi\u00e7\u00f5es de carga vari\u00e1vel. Caracter\u00edsticas: Tens\u00e3o de entrada: 180-260VAC Sa\u00edda: 0-90VDC Prote\u00e7\u00f5es integradas Compat\u00edvel com diversos tipos de geradores Mais Informa\u00e7\u00f5es AVR-A OPT-01 Regulador [&hellip;]<\/p>\n","protected":false},"author":1,"featured_media":0,"parent":0,"menu_order":0,"comment_status":"closed","ping_status":"closed","template":"","meta":{"footnotes":""},"class_list":["post-33","page","type-page","status-publish","hentry"],"_links":{"self":[{"href":"https:\/\/reaciona.ind.br\/index.php?rest_route=\/wp\/v2\/pages\/33","targetHints":{"allow":["GET"]}}],"collection":[{"href":"https:\/\/reaciona.ind.br\/index.php?rest_route=\/wp\/v2\/pages"}],"about":[{"href":"https:\/\/reaciona.ind.br\/index.php?rest_route=\/wp\/v2\/types\/page"}],"author":[{"embeddable":true,"href":"https:\/\/reaciona.ind.br\/index.php?rest_route=\/wp\/v2\/users\/1"}],"replies":[{"embeddable":true,"href":"https:\/\/reaciona.ind.br\/index.php?rest_route=%2Fwp%2Fv2%2Fcomments&post=33"}],"version-history":[{"count":12,"href":"https:\/\/reaciona.ind.br\/index.php?rest_route=\/wp\/v2\/pages\/33\/revisions"}],"predecessor-version":[{"id":93,"href":"https:\/\/reaciona.ind.br\/index.php?rest_route=\/wp\/v2\/pages\/33\/revisions\/93"}],"wp:attachment":[{"href":"https:\/\/reaciona.ind.br\/index.php?rest_route=%2Fwp%2Fv2%2Fmedia&parent=33"}],"curies":[{"name":"wp","href":"https:\/\/api.w.org\/{rel}","templated":true}]}}